{"id":25,"date":"2025-08-06T14:42:09","date_gmt":"2025-08-06T12:42:09","guid":{"rendered":"https:\/\/ecolescommunales.marche.be\/waha\/?page_id=25"},"modified":"2026-03-12T13:02:12","modified_gmt":"2026-03-12T12:02:12","slug":"reglement","status":"publish","type":"page","link":"https:\/\/ecolescommunales.marche.be\/waha\/reglement\/","title":{"rendered":"R\u00e8glement"},"content":{"rendered":"\n<p>Chaque pouvoir organisateur \u00e9tablit le r\u00e8glement d\u2019ordre int\u00e9rieur des \u00e9tablissements scolaires qu\u2019il organise. Le r\u00e8glement d\u2019ordre int\u00e9rieur est le code de conduite en vigueur dans l\u2019\u00e9tablissement. Il pr\u00e9cise notamment les dispositions relatives aux sanctions disciplinaires et aux proc\u00e9dures de recours qui peuvent leur \u00eatre oppos\u00e9es ainsi qu\u2019aux absences justifi\u00e9es et \u00e0 leur dur\u00e9e.<\/p>\n\n\n\n<p>Dans les \u00e9coles fondamentales, ce r\u00e8glement est port\u00e9 \u00e0 la connaissance de ses parents ou de la personne investie de l\u2019autorit\u00e9 parentale avant qu\u2019il soit proc\u00e9d\u00e9 \u00e0 son inscription.<\/p>\n\n\n\n<p><a href=\"http:\/\/ecolescommunales.marche.be\/aye\/wp-content\/uploads\/sites\/2\/2014\/05\/ROI-r%C3%A8glement-dordre-int%C3%A9rieur.pdf\" target=\"_blank\" rel=\"noreferrer noopener\"><a href=\"https:\/\/ecolescommunales.marche.be\/wp-content\/uploads\/2026\/03\/Ecoles-fondamentales-communales-ROI-2019.pdf\">R\u00e8glement d&rsquo;ordre int\u00e9rieur<\/a><\/a><\/p>\n","protected":false},"excerpt":{"rendered":"<p>Chaque pouvoir organisateur \u00e9tablit le r\u00e8glement d\u2019ordre int\u00e9rieur des \u00e9tablissements scolaires qu\u2019il organise. Le r\u00e8glement d\u2019ordre int\u00e9rieur est le code de conduite en vigueur dans l\u2019\u00e9tablissement. Il pr\u00e9cise notamment les &hellip; <\/p>\n","protected":false},"author":2,"featured_media":0,"parent":0,"menu_order":0,"comment_status":"closed","ping_status":"closed","template":"","meta":{"inline_featured_image":false,"footnotes":""},"class_list":["post-25","page","type-page","status-publish","hentry"],"_links":{"self":[{"href":"https:\/\/ecolescommunales.marche.be\/waha\/wp-json\/wp\/v2\/pages\/25","targetHints":{"allow":["GET"]}}],"collection":[{"href":"https:\/\/ecolescommunales.marche.be\/waha\/wp-json\/wp\/v2\/pages"}],"about":[{"href":"https:\/\/ecolescommunales.marche.be\/waha\/wp-json\/wp\/v2\/types\/page"}],"author":[{"embeddable":true,"href":"https:\/\/ecolescommunales.marche.be\/waha\/wp-json\/wp\/v2\/users\/2"}],"replies":[{"embeddable":true,"href":"https:\/\/ecolescommunales.marche.be\/waha\/wp-json\/wp\/v2\/comments?post=25"}],"version-history":[{"count":0,"href":"https:\/\/ecolescommunales.marche.be\/waha\/wp-json\/wp\/v2\/pages\/25\/revisions"}],"wp:attachment":[{"href":"https:\/\/ecolescommunales.marche.be\/waha\/wp-json\/wp\/v2\/media?parent=25"}],"curies":[{"name":"wp","href":"https:\/\/api.w.org\/{rel}","templated":true}]}}