{"id":22,"date":"2025-08-06T14:41:48","date_gmt":"2025-08-06T12:41:48","guid":{"rendered":"https:\/\/ecolescommunales.marche.be\/waha\/?page_id=22"},"modified":"2025-08-12T13:20:53","modified_gmt":"2025-08-12T11:20:53","slug":"contacts","status":"publish","type":"page","link":"https:\/\/ecolescommunales.marche.be\/waha\/contacts\/","title":{"rendered":"Contacts"},"content":{"rendered":"\n<p><strong><em>Adresse<\/em><\/strong>&nbsp;:<\/p>\n\n\n\n<p><em>\u00c9cole communale de Waha<br><\/em>Rue du Ch\u00eane, 18<br>6900&nbsp; Waha (Marche-en-Famenne)<br>084\/31 36 78<\/p>\n\n\n\n<hr class=\"wp-block-separator has-alpha-channel-opacity\"\/>\n\n\n\n<p><em><strong>Direction :<\/strong><\/em><\/p>\n\n\n\n<p>Mme H\u00e9l\u00e8ne Gr\u00e9goire<br><a href=\"mailto:helene.gregoire@ac.marche.be\">helene.gregoire@ac.marche.be<\/a><br>0493\/ 31 53 81<\/p>\n\n\n\n<hr class=\"wp-block-separator has-alpha-channel-opacity\"\/>\n\n\n\n<p><em><strong>Localisation :<\/strong><\/em><\/p>\n\n\n\n<iframe src=\"https:\/\/www.google.com\/maps\/embed?pb=!1m18!1m12!1m3!1d1073.575737104041!2d5.3414957174932525!3d50.20959929299272!2m3!1f0!2f0!3f0!3m2!1i1024!2i768!4f13.1!3m3!1m2!1s0x47c0357403242d27%3A0x925b9b2d114b5c67!2sEcole%20Communale%20de%20Waha!5e0!3m2!1sfr!2sbe!4v1754484047225!5m2!1sfr!2sbe\" width=\"400\" height=\"300\" style=\"border:0;\" allowfullscreen=\"\" loading=\"lazy\" referrerpolicy=\"no-referrer-when-downgrade\"><\/iframe>\n","protected":false},"excerpt":{"rendered":"<p>Adresse&nbsp;: \u00c9cole communale de WahaRue du Ch\u00eane, 186900&nbsp; Waha (Marche-en-Famenne)084\/31 36 78 Direction : Mme H\u00e9l\u00e8ne Gr\u00e9goirehelene.gregoire@ac.marche.be0493\/ 31 53 81 Localisation :<\/p>\n","protected":false},"author":2,"featured_media":0,"parent":0,"menu_order":0,"comment_status":"closed","ping_status":"closed","template":"","meta":{"inline_featured_image":false,"footnotes":""},"class_list":["post-22","page","type-page","status-publish","hentry"],"_links":{"self":[{"href":"https:\/\/ecolescommunales.marche.be\/waha\/wp-json\/wp\/v2\/pages\/22","targetHints":{"allow":["GET"]}}],"collection":[{"href":"https:\/\/ecolescommunales.marche.be\/waha\/wp-json\/wp\/v2\/pages"}],"about":[{"href":"https:\/\/ecolescommunales.marche.be\/waha\/wp-json\/wp\/v2\/types\/page"}],"author":[{"embeddable":true,"href":"https:\/\/ecolescommunales.marche.be\/waha\/wp-json\/wp\/v2\/users\/2"}],"replies":[{"embeddable":true,"href":"https:\/\/ecolescommunales.marche.be\/waha\/wp-json\/wp\/v2\/comments?post=22"}],"version-history":[{"count":0,"href":"https:\/\/ecolescommunales.marche.be\/waha\/wp-json\/wp\/v2\/pages\/22\/revisions"}],"wp:attachment":[{"href":"https:\/\/ecolescommunales.marche.be\/waha\/wp-json\/wp\/v2\/media?parent=22"}],"curies":[{"name":"wp","href":"https:\/\/api.w.org\/{rel}","templated":true}]}}